{"id":8,"date":"2023-07-17T14:38:16","date_gmt":"2023-07-17T12:38:16","guid":{"rendered":"http:\/\/alaroye.fr\/?page_id=8"},"modified":"2025-07-17T13:14:25","modified_gmt":"2025-07-17T11:14:25","slug":"cours-salsa","status":"publish","type":"page","link":"https:\/\/alaroye.fr\/?page_id=8","title":{"rendered":"Cours de Slasa"},"content":{"rendered":"\t\t<div data-elementor-type=\"wp-page\" data-elementor-id=\"8\" class=\"elementor elementor-8\">\n\t\t\t\t\t\t\t\t\t<section class=\"elementor-section elementor-top-section elementor-element elementor-element-78d05b83 elementor-section-boxed elementor-section-height-default elementor-section-height-default\" data-id=\"78d05b83\" data-element_type=\"section\">\n\t\t\t\t\t\t<div class=\"elementor-container elementor-column-gap-default\">\n\t\t\t\t\t<div class=\"elementor-column elementor-col-100 elementor-top-column elementor-element elementor-element-37f4a3fa\" data-id=\"37f4a3fa\" data-element_type=\"column\">\n\t\t\t<div class=\"elementor-widget-wrap elementor-element-populated\">\n\t\t\t\t\t\t\t\t<div class=\"elementor-element elementor-element-0154b5f elementor-widget elementor-widget-text-editor\" data-id=\"0154b5f\" data-element_type=\"widget\" data-widget_type=\"text-editor.default\">\n\t\t\t\t<div class=\"elementor-widget-container\">\n\t\t\t<style>\/*! elementor - v3.15.0 - 20-08-2023 *\/\n.elementor-widget-text-editor.elementor-drop-cap-view-stacked .elementor-drop-cap{background-color:#69727d;color:#fff}.elementor-widget-text-editor.elementor-drop-cap-view-framed .elementor-drop-cap{color:#69727d;border:3px solid;background-color:transparent}.elementor-widget-text-editor:not(.elementor-drop-cap-view-default) .elementor-drop-cap{margin-top:8px}.elementor-widget-text-editor:not(.elementor-drop-cap-view-default) .elementor-drop-cap-letter{width:1em;height:1em}.elementor-widget-text-editor .elementor-drop-cap{float:left;text-align:center;line-height:1;font-size:50px}.elementor-widget-text-editor .elementor-drop-cap-letter{display:inline-block}<\/style>\t\t\t\t<p>COURS DE SALSA \u00e0 BIARRITZ<\/p>\t\t\t\t\t\t<\/div>\n\t\t\t\t<\/div>\n\t\t\t\t\t<\/div>\n\t\t<\/div>\n\t\t\t\t\t\t\t<\/div>\n\t\t<\/section>\n\t\t\t\t<section class=\"elementor-section elementor-top-section elementor-element elementor-element-2fa238e elementor-section-boxed elementor-section-height-default elementor-section-height-default\" data-id=\"2fa238e\" data-element_type=\"section\">\n\t\t\t\t\t\t<div class=\"elementor-container elementor-column-gap-default\">\n\t\t\t\t\t<div class=\"elementor-column elementor-col-33 elementor-top-column elementor-element elementor-element-4bd3cab\" data-id=\"4bd3cab\" data-element_type=\"column\">\n\t\t\t<div class=\"elementor-widget-wrap elementor-element-populated\">\n\t\t\t\t\t\t\t\t<div class=\"elementor-element elementor-element-5431e4b elementor-widget elementor-widget-text-editor\" data-id=\"5431e4b\" data-element_type=\"widget\" data-widget_type=\"text-editor.default\">\n\t\t\t\t<div class=\"elementor-widget-container\">\n\t\t\t\t\t\t\t<p><b><u>PLANNING:<\/u><\/b><\/p><p><u style=\"font-weight: bold;\">Mardi 20h30:<\/u>Salsa Interm\u00e9diaires \/ avanc\u00e9s\u00a0<\/p><p><u style=\"font-weight: bold;\">Jeudi 20h30 : <\/u>Salsa d\u00e9butants<\/p><p>\u00a0<\/p><p>D\u00e9buts des cours le 8 Septembre 2025<\/p><p>Inscriptions au 06 17 89 63 05<\/p>\t\t\t\t\t\t<\/div>\n\t\t\t\t<\/div>\n\t\t\t\t\t<\/div>\n\t\t<\/div>\n\t\t\t\t<div class=\"elementor-column elementor-col-33 elementor-top-column elementor-element elementor-element-8699502\" data-id=\"8699502\" data-element_type=\"column\">\n\t\t\t<div class=\"elementor-widget-wrap elementor-element-populated\">\n\t\t\t\t\t\t\t\t<div class=\"elementor-element elementor-element-0784296 elementor-widget elementor-widget-image\" data-id=\"0784296\" data-element_type=\"widget\" data-widget_type=\"image.default\">\n\t\t\t\t<div class=\"elementor-widget-container\">\n\t\t\t<style>\/*! elementor - v3.15.0 - 20-08-2023 *\/\n.elementor-widget-image{text-align:center}.elementor-widget-image a{display:inline-block}.elementor-widget-image a img[src$=\".svg\"]{width:48px}.elementor-widget-image img{vertical-align:middle;display:inline-block}<\/style>\t\t\t\t\t\t\t\t\t\t\t\t<img loading=\"lazy\" decoding=\"async\" width=\"150\" height=\"150\" src=\"https:\/\/alaroye.fr\/wp-content\/uploads\/2023\/08\/logo-usb-512x512-1-150x150.png\" class=\"attachment-thumbnail size-thumbnail wp-image-122\" alt=\"\" srcset=\"https:\/\/alaroye.fr\/wp-content\/uploads\/2023\/08\/logo-usb-512x512-1-150x150.png 150w, https:\/\/alaroye.fr\/wp-content\/uploads\/2023\/08\/logo-usb-512x512-1-300x300.png 300w, https:\/\/alaroye.fr\/wp-content\/uploads\/2023\/08\/logo-usb-512x512-1-270x270.png 270w, https:\/\/alaroye.fr\/wp-content\/uploads\/2023\/08\/logo-usb-512x512-1-230x230.png 230w, https:\/\/alaroye.fr\/wp-content\/uploads\/2023\/08\/logo-usb-512x512-1.png 512w\" sizes=\"auto, (max-width: 150px) 100vw, 150px\" \/>\t\t\t\t\t\t\t\t\t\t\t\t\t\t\t<\/div>\n\t\t\t\t<\/div>\n\t\t\t\t<div class=\"elementor-element elementor-element-540cb8c elementor-widget elementor-widget-text-editor\" data-id=\"540cb8c\" data-element_type=\"widget\" data-widget_type=\"text-editor.default\">\n\t\t\t\t<div class=\"elementor-widget-container\">\n\t\t\t\t\t\t\t<p><strong><span style=\"text-decoration: underline;\">Adresse<\/span><\/strong>: USB Biarritz, All\u00e9e des Passeraux 64200 Biarritz<\/p>\t\t\t\t\t\t<\/div>\n\t\t\t\t<\/div>\n\t\t\t\t\t<\/div>\n\t\t<\/div>\n\t\t\t\t<div class=\"elementor-column elementor-col-33 elementor-top-column elementor-element elementor-element-e37bf33\" data-id=\"e37bf33\" data-element_type=\"column\">\n\t\t\t<div class=\"elementor-widget-wrap elementor-element-populated\">\n\t\t\t\t\t\t\t\t<div class=\"elementor-element elementor-element-651bc32 elementor-widget elementor-widget-google_maps\" data-id=\"651bc32\" data-element_type=\"widget\" data-widget_type=\"google_maps.default\">\n\t\t\t\t<div class=\"elementor-widget-container\">\n\t\t\t<style>\/*! elementor - v3.15.0 - 20-08-2023 *\/\n.elementor-widget-google_maps .elementor-widget-container{overflow:hidden}.elementor-widget-google_maps .elementor-custom-embed{line-height:0}.elementor-widget-google_maps iframe{height:300px}<\/style>\t\t<div class=\"elementor-custom-embed\">\n\t\t\t<iframe loading=\"lazy\"\n\t\t\t\t\tsrc=\"https:\/\/maps.google.com\/maps?q=USB%20Biarritz&#038;t=m&#038;z=15&#038;output=embed&#038;iwloc=near\"\n\t\t\t\t\ttitle=\"USB Biarritz\"\n\t\t\t\t\taria-label=\"USB Biarritz\"\n\t\t\t><\/iframe>\n\t\t<\/div>\n\t\t\t\t<\/div>\n\t\t\t\t<\/div>\n\t\t\t\t\t<\/div>\n\t\t<\/div>\n\t\t\t\t\t\t\t<\/div>\n\t\t<\/section>\n\t\t\t\t\t\t\t<\/div>\n\t\t","protected":false},"excerpt":{"rendered":"<p>COURS DE SALSA \u00e0 BIARRITZ PLANNING: Mardi 20h30:Salsa Interm\u00e9diaires \/ avanc\u00e9s\u00a0 Jeudi 20h30 : Salsa d\u00e9butants \u00a0 D\u00e9buts des cours le 8 Septembre 2025 Inscriptions au 06 17 89 63 05 Adresse: USB Biarritz, All\u00e9e des Passeraux 64200 Biarritz<\/p>\n","protected":false},"author":1,"featured_media":0,"parent":0,"menu_order":0,"comment_status":"closed","ping_status":"closed","template":"","meta":{"footnotes":""},"class_list":["post-8","page","type-page","status-publish","hentry"],"yoast_head":"<!-- This site is optimized with the Yoast SEO plugin v21.0 - https:\/\/yoast.com\/wordpress\/plugins\/seo\/ -->\n<title>Cours de Salsa et Bachata \u00e0 Biarritz -Alaroye Salsa<\/title>\n<meta name=\"description\" content=\"Alaroye Salsa propose des Cours de Salsa et Bachata \u00e0 Biarritz \u00e0 l&#039;USB Biarritz. Cours de tous niveaux.\" \/>\n<meta name=\"robots\" content=\"index, follow, max-snippet:-1, max-image-preview:large, max-video-preview:-1\" \/>\n<link rel=\"canonical\" href=\"https:\/\/alaroye.fr\/?page_id=8\" \/>\n<meta property=\"og:locale\" content=\"fr_FR\" \/>\n<meta property=\"og:type\" content=\"article\" \/>\n<meta property=\"og:title\" content=\"Cours de Salsa et Bachata \u00e0 Biarritz -Alaroye Salsa\" \/>\n<meta property=\"og:description\" content=\"Alaroye Salsa propose des Cours de Salsa et Bachata \u00e0 Biarritz \u00e0 l&#039;USB Biarritz. Cours de tous niveaux.\" \/>\n<meta property=\"og:url\" content=\"https:\/\/alaroye.fr\/?page_id=8\" \/>\n<meta property=\"og:site_name\" content=\"Alaroye Salsa\" \/>\n<meta property=\"article:modified_time\" content=\"2025-07-17T11:14:25+00:00\" \/>\n<meta property=\"og:image\" content=\"http:\/\/alaroye.fr\/wp-content\/uploads\/2023\/08\/logo-usb-512x512-1-150x150.png\" \/>\n<meta name=\"twitter:card\" content=\"summary_large_image\" \/>\n<meta name=\"twitter:label1\" content=\"Dur\u00e9e de lecture estim\u00e9e\" \/>\n\t<meta name=\"twitter:data1\" content=\"1 minute\" \/>\n<script type=\"application\/ld+json\" class=\"yoast-schema-graph\">{\"@context\":\"https:\/\/schema.org\",\"@graph\":[{\"@type\":\"WebPage\",\"@id\":\"https:\/\/alaroye.fr\/?page_id=8\",\"url\":\"https:\/\/alaroye.fr\/?page_id=8\",\"name\":\"Cours de Salsa et Bachata \u00e0 Biarritz -Alaroye Salsa\",\"isPartOf\":{\"@id\":\"https:\/\/alaroye.fr\/#website\"},\"datePublished\":\"2023-07-17T12:38:16+00:00\",\"dateModified\":\"2025-07-17T11:14:25+00:00\",\"description\":\"Alaroye Salsa propose des Cours de Salsa et Bachata \u00e0 Biarritz \u00e0 l'USB Biarritz. Cours de tous niveaux.\",\"breadcrumb\":{\"@id\":\"https:\/\/alaroye.fr\/?page_id=8#breadcrumb\"},\"inLanguage\":\"fr-FR\",\"potentialAction\":[{\"@type\":\"ReadAction\",\"target\":[\"https:\/\/alaroye.fr\/?page_id=8\"]}]},{\"@type\":\"BreadcrumbList\",\"@id\":\"https:\/\/alaroye.fr\/?page_id=8#breadcrumb\",\"itemListElement\":[{\"@type\":\"ListItem\",\"position\":1,\"name\":\"Accueil\",\"item\":\"https:\/\/alaroye.fr\/\"},{\"@type\":\"ListItem\",\"position\":2,\"name\":\"Cours de Slasa\"}]},{\"@type\":\"WebSite\",\"@id\":\"https:\/\/alaroye.fr\/#website\",\"url\":\"https:\/\/alaroye.fr\/\",\"name\":\"Alaroye Salsa\",\"description\":\"\",\"potentialAction\":[{\"@type\":\"SearchAction\",\"target\":{\"@type\":\"EntryPoint\",\"urlTemplate\":\"https:\/\/alaroye.fr\/?s={search_term_string}\"},\"query-input\":\"required name=search_term_string\"}],\"inLanguage\":\"fr-FR\"}]}<\/script>\n<!-- \/ Yoast SEO plugin. -->","yoast_head_json":{"title":"Cours de Salsa et Bachata \u00e0 Biarritz -Alaroye Salsa","description":"Alaroye Salsa propose des Cours de Salsa et Bachata \u00e0 Biarritz \u00e0 l'USB Biarritz. Cours de tous niveaux.","robots":{"index":"index","follow":"follow","max-snippet":"max-snippet:-1","max-image-preview":"max-image-preview:large","max-video-preview":"max-video-preview:-1"},"canonical":"https:\/\/alaroye.fr\/?page_id=8","og_locale":"fr_FR","og_type":"article","og_title":"Cours de Salsa et Bachata \u00e0 Biarritz -Alaroye Salsa","og_description":"Alaroye Salsa propose des Cours de Salsa et Bachata \u00e0 Biarritz \u00e0 l'USB Biarritz. Cours de tous niveaux.","og_url":"https:\/\/alaroye.fr\/?page_id=8","og_site_name":"Alaroye Salsa","article_modified_time":"2025-07-17T11:14:25+00:00","og_image":[{"url":"http:\/\/alaroye.fr\/wp-content\/uploads\/2023\/08\/logo-usb-512x512-1-150x150.png"}],"twitter_card":"summary_large_image","twitter_misc":{"Dur\u00e9e de lecture estim\u00e9e":"1 minute"},"schema":{"@context":"https:\/\/schema.org","@graph":[{"@type":"WebPage","@id":"https:\/\/alaroye.fr\/?page_id=8","url":"https:\/\/alaroye.fr\/?page_id=8","name":"Cours de Salsa et Bachata \u00e0 Biarritz -Alaroye Salsa","isPartOf":{"@id":"https:\/\/alaroye.fr\/#website"},"datePublished":"2023-07-17T12:38:16+00:00","dateModified":"2025-07-17T11:14:25+00:00","description":"Alaroye Salsa propose des Cours de Salsa et Bachata \u00e0 Biarritz \u00e0 l'USB Biarritz. Cours de tous niveaux.","breadcrumb":{"@id":"https:\/\/alaroye.fr\/?page_id=8#breadcrumb"},"inLanguage":"fr-FR","potentialAction":[{"@type":"ReadAction","target":["https:\/\/alaroye.fr\/?page_id=8"]}]},{"@type":"BreadcrumbList","@id":"https:\/\/alaroye.fr\/?page_id=8#breadcrumb","itemListElement":[{"@type":"ListItem","position":1,"name":"Accueil","item":"https:\/\/alaroye.fr\/"},{"@type":"ListItem","position":2,"name":"Cours de Slasa"}]},{"@type":"WebSite","@id":"https:\/\/alaroye.fr\/#website","url":"https:\/\/alaroye.fr\/","name":"Alaroye Salsa","description":"","potentialAction":[{"@type":"SearchAction","target":{"@type":"EntryPoint","urlTemplate":"https:\/\/alaroye.fr\/?s={search_term_string}"},"query-input":"required name=search_term_string"}],"inLanguage":"fr-FR"}]}},"_links":{"self":[{"href":"https:\/\/alaroye.fr\/index.php?rest_route=\/wp\/v2\/pages\/8","targetHints":{"allow":["GET"]}}],"collection":[{"href":"https:\/\/alaroye.fr\/index.php?rest_route=\/wp\/v2\/pages"}],"about":[{"href":"https:\/\/alaroye.fr\/index.php?rest_route=\/wp\/v2\/types\/page"}],"author":[{"embeddable":true,"href":"https:\/\/alaroye.fr\/index.php?rest_route=\/wp\/v2\/users\/1"}],"replies":[{"embeddable":true,"href":"https:\/\/alaroye.fr\/index.php?rest_route=%2Fwp%2Fv2%2Fcomments&post=8"}],"version-history":[{"count":24,"href":"https:\/\/alaroye.fr\/index.php?rest_route=\/wp\/v2\/pages\/8\/revisions"}],"predecessor-version":[{"id":236,"href":"https:\/\/alaroye.fr\/index.php?rest_route=\/wp\/v2\/pages\/8\/revisions\/236"}],"wp:attachment":[{"href":"https:\/\/alaroye.fr\/index.php?rest_route=%2Fwp%2Fv2%2Fmedia&parent=8"}],"curies":[{"name":"wp","href":"https:\/\/api.w.org\/{rel}","templated":true}]}}